{"id":182,"date":"2021-03-16T09:48:28","date_gmt":"2021-03-16T09:48:28","guid":{"rendered":"https:\/\/rdc-danceacademy.de\/?page_id=182"},"modified":"2021-03-29T13:19:35","modified_gmt":"2021-03-29T13:19:35","slug":"impressum","status":"publish","type":"page","link":"https:\/\/rdc-danceacademy.de\/home\/impressum","title":{"rendered":"Impressum"},"content":{"rendered":"<p>[et_pb_section fb_built=&#8220;1&#8243; _builder_version=&#8220;4.4.8&#8243; background_color=&#8220;#000000&#8243;][et_pb_row _builder_version=&#8220;4.4.8&#8243;][et_pb_column type=&#8220;4_4&#8243; _builder_version=&#8220;4.4.8&#8243;][et_pb_text _builder_version=&#8220;4.4.8&#8243; text_text_color=&#8220;#ffffff&#8220; text_letter_spacing=&#8220;2px&#8220; text_line_height=&#8220;1.8em&#8220;]<\/p>\n<h1 class=\"heading ce_47_CeText first last\" style=\"text-align: center;\"><strong><span style=\"color: #ffffff;\">TANZSCHULE DANIEL GEIGER<\/span><\/strong><\/h1>\n<p>&nbsp;<\/p>\n<p style=\"text-align: center;\"><strong>Daniel Zimmermann<br \/>Pfannenstiel 21<br \/>88214 Ravensburg<\/strong><\/p>\n<p style=\"text-align: center;\"><strong>\u00a0<\/strong><\/p>\n<p style=\"text-align: center;\"><strong>Fon: 0751 \/ 54050<br \/>Mail: raphael.nagel@tanzschulen-geiger.de<\/strong><\/p>\n<p style=\"text-align: center;\"><strong>\u00a0<\/strong><\/p>\n<p style=\"text-align: center;\"><strong>Steuernummer: 77495\/33362<br \/>USt-ID: DE 297172628<\/strong><\/p>\n<p>&nbsp;<\/p>\n<p style=\"text-align: center;\"><strong>Disclaimer:<\/strong><\/p>\n<p style=\"text-align: center;\"><strong><\/strong><\/p>\n<p style=\"text-align: center;\"><strong><\/strong><\/p>\n<p style=\"text-align: center;\"><strong>Haftung f\u00fcr Inhalte<\/strong><\/p>\n<p style=\"text-align: center;\"><strong><\/strong><\/p>\n<p style=\"text-align: center;\"><strong><\/strong><\/p>\n<p style=\"text-align: justify;\">Die Inhalte unserer Seiten wurden mit gr\u00f6\u00dfter Sorgfalt erstellt. F\u00fcr die Richtigkeit, Vollst\u00e4ndigkeit und Aktualit\u00e4t der Inhalte k\u00f6nnen wir jedoch keine Gew\u00e4hr \u00fcbernehmen.\u00a0<span style=\"font-size: 14px;\">Als Diensteanbieter sind wir gem\u00e4\u00df \u00c2\u00a7 6 Abs.1 MDStV und \u00c2\u00a7 8 Abs.1 TDG f\u00fcr eigene Inhalte auf diesen Seiten nach den allgemeinen Gesetzen verantwortlich. Diensteanbieter sind jedoch nicht verpflichtet, die von ihnen \u00fcbermittelten oder gespeicherten fremden Informationen zu \u00fcberwa- chen oder nach Umst\u00e4nden zu forschen, die auf eine rechtswidrige T\u00e4tigkeit hinweisen. Verpflich- tungen zur Entfernung oder Sperrung der Nutzung von Informationen nach den allgemeinen Ge- setzen bleiben hiervon unber\u00fchrt. Eine diesbez\u00fcgliche Haftung ist jedoch erst ab dem Zeitpunkt der Kenntnis einer konkreten Rechtsverletzung m\u00f6glich. Bei bekannt werden von ent- sprechenden Rechtsverletzungen werden wir diese Inhalte umgehend entfernen.<\/span><\/p>\n<p style=\"text-align: justify;\">\n<p style=\"text-align: justify;\">\n<p style=\"text-align: justify;\">\n<p style=\"text-align: center;\"><strong>Haftung f\u00fcr Links<\/strong><\/p>\n<p style=\"text-align: center;\"><strong><\/strong><\/p>\n<p style=\"text-align: center;\"><strong><\/strong><\/p>\n<p style=\"text-align: justify;\">Unser Angebot enth\u00e4lt Links zu externen Webseiten Dritter, auf deren Inhalte wir keinen Einfluss haben. Deshalb k\u00f6nnen wir f\u00fcr diese fremden Inhalte auch keine Gew\u00e4hr \u00fcbernehmen. F\u00fcr die In- halte der verlinkten Seiten ist stets der jeweilige Anbieter oder Betreiber der Seiten verantwort- lich. Die verlinkten Seiten wurden zum Zeitpunkt der Verlinkung auf m\u00f6gliche Rechtsverst\u00f6\u00dfe \u00fcberpr\u00fcft. Rechtswidrige Inhalte waren zum Zeitpunkt der Verlinkung nicht erkennbar. Eine per- manente inhaltliche Kontrolle der verlinkten Seiten ist jedoch ohne konkrete Anhaltspunkte einer Rechtsverletzung nicht zumutbar. Bei bekannt werden von Rechtsverletzungen werden wir der- artige Links umgehend entfernen.<\/p>\n<p style=\"text-align: justify;\">\n<p style=\"text-align: justify;\">\n<p style=\"text-align: justify;\">\n<p style=\"text-align: center;\"><strong>Urheberrecht<\/strong><\/p>\n<p style=\"text-align: center;\"><strong><\/strong><\/p>\n<p style=\"text-align: center;\"><strong><\/strong><\/p>\n<p style=\"text-align: justify;\">Die Betreiber der Seiten sind bem\u00fcht, stets die Urheberrechte anderer zu beachten bzw. auf selbst erstellte sowie lizenzfreie Werke zur\u00fcckzugreifen.\u00a0<span style=\"font-size: 14px;\">Die durch die Seitenbetreiber erstellten Inhalte und Werke auf diesen Seiten unterliegen dem deut- schen Urheberrecht. Beitr\u00e4ge Dritter sind als solche gekennzeichnet. Die Vervielf\u00e4ltigung, Bearbei- tung, Verbreitung und jede Art der Verwertung au\u00dferhalb der Grenzen des Urheberrechtes bed\u00fcr- fen der schriftlichen Zustimmung des jeweiligen Autors bzw. Erstellers. Downloads und Kopien dieser Seite sind nur f\u00fcr den privaten, nicht kommerziellen Gebrauch gestattet.<\/span><\/p>\n<p>&nbsp;<\/p>\n<p>&nbsp;<\/p>\n<p>&nbsp;<\/p>\n<table>\n<tbody>\n<tr>\n<td colspan=\"2\" style=\"text-align: justify;\">\n<p style=\"text-align: center;\"><strong>Allgemeine Gesch\u00e4ftsbedingungen<\/strong>\u00a0<\/p>\n<\/td>\n<\/tr>\n<tr>\n<td style=\"text-align: center;\">\n<p style=\"text-align: justify;\">\n<p style=\"text-align: justify;\">\n<p style=\"text-align: justify;\">Die telefonische oder schriftliche Anmeldung, bzw. die Teilnahme an der ersten Unterrichtsstunde verpflichtet zur Zahlung des vollen Honorars. Dieses ist vor Kursbeginn zu bezahlen. Bei Nichtbezahlung bis zum Ende der 3. Kursstunde oder bei Zusendung einer Mahnung ist die Tanzschule berechtigt, einen Mahnzuschlag von \u20ac 10.&#8211; zu verlangen. Rabatte sind nicht kombinierbar. Bei mehreren Verg\u00fcnstigungen gilt der f\u00fcr den Teilnehmer h\u00f6chste Rabatt. Erf\u00fcllungsort und Ort der Zahlung des Honorars ist der Sitz der Tanzschule.<\/p>\n<p style=\"text-align: justify;\">\n<p style=\"text-align: justify;\">\n<\/td>\n<td style=\"text-align: justify;\">\u00a0<\/td>\n<\/tr>\n<tr>\n<td style=\"text-align: justify;\">\n<p>&nbsp;<\/p>\n<p>&nbsp;<\/p>\n<p>Abmeldungen k\u00f6nnen bis eine Woche vor Kursbeginn schriftl. erfolgen. (Bearbeitungsgeb. \u20ac 10.&#8211;). Bei kurzfristigen Abmeldungen werden folgende Betr\u00e4ge belastet: bis 2 Tage vor Kursbeginn 1\/2 des Kurspreises, danach wird der volle Kurspreis berechnet. Ein Nichterscheinen entbindet nicht von der Zahlungspflicht.<\/p>\n<p>&nbsp;<\/p>\n<p>&nbsp;<\/p>\n<\/td>\n<td style=\"text-align: justify;\">\u00a0<\/td>\n<\/tr>\n<tr>\n<td style=\"text-align: justify;\">\n<p>&nbsp;<\/p>\n<p>&nbsp;<\/p>\n<p>Die Haftung der Tanzschule Daniel Geiger beginnt mit dem Betreten und endet mit dem Verlassen des Grundst\u00fccks der Tanzschule. Bei der Aus\u00fcbung s\u00e4mtlicher Aktivit\u00e4ten in den Tanzschulr\u00e4umen haften wir nur f\u00fcr Sch\u00e4den, soweit uns oder unseren Erf\u00fcllungs- oder Ver- richtungsgehilfen Vorsatz oder grobe Fahrl\u00e4ssigkeit zur Last gelegt werden kann.<\/p>\n<p>&nbsp;<\/p>\n<p>&nbsp;<\/p>\n<\/td>\n<td style=\"text-align: justify;\">\u00a0<\/td>\n<\/tr>\n<tr>\n<td style=\"text-align: justify;\">\n<p>&nbsp;<\/p>\n<p>&nbsp;<\/p>\n<p>Jeder Teinehmer ist verpflichtet sich so zu verhalten, dass andere Kursteilnehmer weder w\u00e4hrend der regelm\u00e4\u00dfigen \u00dcbungsstunde, noch bei etwaiger Tanzveranstaltungen bel\u00e4stigt oder empfindlich gest\u00f6rt werden. Wer hiergegen in grober Weise verst\u00f6\u00dft erh\u00e4lt Hausverbot. Er bleibt jedoch zur Verg\u00fctung des von Ihm belegten Kurses in voller H\u00f6he verpflichtet.<\/p>\n<p>&nbsp;<\/p>\n<p>&nbsp;<\/p>\n<\/td>\n<td style=\"text-align: justify;\">\u00a0<\/td>\n<\/tr>\n<tr>\n<td style=\"text-align: justify;\">\n<p>&nbsp;<\/p>\n<p>&nbsp;<\/p>\n<p>Bei Kursen, bei denen eventuell eine Sonderveranstaltung beinhaltet ist, kann bei Nichtteilnahme an der Veranstaltung keine Honorar- Verg\u00fctung erfolgen.<\/p>\n<p>&nbsp;<\/p>\n<p>&nbsp;<\/p>\n<\/td>\n<td style=\"text-align: justify;\">\u00a0<\/td>\n<\/tr>\n<tr>\n<td style=\"text-align: justify;\">\n<p>&nbsp;<\/p>\n<p>&nbsp;<\/p>\n<p>VIP-Mitglieder k\u00f6nnen alle angebotenen Kurse und Veranstaltungen innerhalb der Tanzschule ohne zus\u00e4tzlichen Beitrag besuchen, sofern Sie sich rechtzeitig angemeldet haben.<\/p>\n<p>&nbsp;<\/p>\n<p>&nbsp;<\/p>\n<\/td>\n<td style=\"text-align: justify;\">\u00a0<\/td>\n<\/tr>\n<tr>\n<td style=\"text-align: justify;\">\n<p>&nbsp;<\/p>\n<p>&nbsp;<\/p>\n<p>Mit meiner Unterschrift verpflichte ich mich, das Erlernte ausschlie\u00dflich zum Eigengebrauch zu verwenden und nicht an Dritte weiter zugeben.<\/p>\n<p>&nbsp;<\/p>\n<p>&nbsp;<\/p>\n<\/td>\n<td style=\"text-align: justify;\">\u00a0<\/td>\n<\/tr>\n<tr>\n<td style=\"text-align: justify;\">\n<p>&nbsp;<\/p>\n<p>&nbsp;<\/p>\n<p>Der von der Tanzschule erw\u00fcnschten Kleiderordung anl\u00e4sslich festlicher Veranstaltungen (insbesondere bei Tanzkursabschlussb\u00e4llen) ist Folge zu leisten. Ein grober Versto\u00df hiergegen berechtigt die Tanzschule zur Verweigerung des Einlasses. Der Kursteilnehmer bleibt auch in diesem Fall zur Entrichtung der vollen Kursgeb\u00fchr verpflichtet.<\/p>\n<p>&nbsp;<\/p>\n<p>&nbsp;<\/p>\n<\/td>\n<td style=\"text-align: justify;\">\u00a0<\/td>\n<\/tr>\n<tr>\n<td style=\"text-align: justify;\">\n<p>&nbsp;<\/p>\n<p>&nbsp;<\/p>\n<p>Das Verzehren mitgebrachter Speisen und Getr\u00e4nke in unseren R\u00e4umen ist nicht erlaubt.<\/p>\n<p>&nbsp;<\/p>\n<p>&nbsp;<\/p>\n<\/td>\n<td style=\"text-align: justify;\">\u00a0<\/td>\n<\/tr>\n<tr>\n<td style=\"text-align: justify;\">\n<p>&nbsp;<\/p>\n<p>&nbsp;<\/p>\n<p>Zwischen uns vereinbarte m\u00fcndliche Absprachen gelten nur, wenn sie schriftlich best\u00e4tigt sind. Alle vertraglichen Dinge regeln Sie bitte ausschlie\u00dflich mit unserem B\u00fcro. Aussagen der Tanzlehrer dienen nur Ihrer Information und sind nicht bindend.<\/p>\n<p>&nbsp;<\/p>\n<p>&nbsp;<\/p>\n<\/td>\n<td style=\"text-align: justify;\">\u00a0<\/td>\n<\/tr>\n<tr>\n<td style=\"text-align: justify;\">\n<p>&nbsp;<\/p>\n<p>&nbsp;<\/p>\n<p>Sollte eine der vorstehenden Bestimmungen unwirksam sein, so ber\u00fchrt dies nicht die Wirksamkeit des Vertrages im \u00fcbrigen.<\/p>\n<p>&nbsp;<\/p>\n<p>&nbsp;<\/p>\n<\/td>\n<td style=\"text-align: justify;\">\u00a0<\/td>\n<\/tr>\n<tr>\n<td style=\"text-align: justify;\">\n<p>&nbsp;<\/p>\n<p>&nbsp;<\/p>\n<p>Gem\u00e4\u00df Datenschutzgesetz werden die Daten f\u00fcr die interne Verwendung elektronisch verarbeitet und selbstverst\u00e4ndlich vertraulich behandelt. \u00c4nderungen der pers\u00f6nlichen Daten sind dem B\u00fcro unverz\u00fcglich mitzuteilen. Von uns angefertigte Fotos werden durch das Betreten unserer R\u00e4umlichkeiten ausdr\u00fccklich zur Ver\u00f6ffentlichung freigegeben.<\/p>\n<p>&nbsp;<\/p>\n<p>&nbsp;<\/p>\n<\/td>\n<td style=\"text-align: justify;\">\u00a0<\/td>\n<\/tr>\n<tr>\n<td style=\"text-align: justify;\">\n<p>&nbsp;<\/p>\n<p>&nbsp;<\/p>\n<p>Gerichtsstand f\u00fcr beide Parteien ist soweit gesetzlich zul\u00e4ssig, Sitz der Tanzschule.<\/p>\n<p>&nbsp;<\/p>\n<p>&nbsp;<\/p>\n<\/td>\n<td style=\"text-align: justify;\">\u00a0<\/td>\n<\/tr>\n<tr>\n<td style=\"text-align: justify;\"><\/td>\n<td style=\"text-align: justify;\">\u00a0<\/td>\n<\/tr>\n<tr>\n<td colspan=\"2\" style=\"text-align: justify;\">\n<p style=\"text-align: center;\"><strong>Clubmitglieder der Tanzschule Daniel Geiger<\/strong><\/p>\n<\/td>\n<\/tr>\n<tr>\n<td style=\"text-align: center;\">\n<p>&nbsp;<\/p>\n<p>&nbsp;<\/p>\n<p style=\"text-align: justify;\">Die Zahlung der Geb\u00fchren erfolgt ausschlie\u00dflich im Einzugsverfahren. Eine Anpassung der Beitr\u00e4ge auf Grund gestiegener Kosten (z. B. Miete, Energiekosten, steuerl. \u00c4nderungen &#8230;) kann zum 01. jedes Monats erfolgen.<\/p>\n<p>&nbsp;<\/p>\n<p>&nbsp;<\/p>\n<\/td>\n<td style=\"text-align: justify;\">\u00a0<\/td>\n<\/tr>\n<tr>\n<td style=\"text-align: justify;\">\n<p>&nbsp;<\/p>\n<p>&nbsp;<\/p>\n<p>Der Clubbeitrag ist ein Jahresbeitrag, der in 12 Teilbetr\u00e4gen beglichen wird. Die Preise sind \u00fcber das ganze Jahr, einschlie\u00dflich gesetzlicher Feiertage und Ferienzeiten hinweg kalkuliert.<\/p>\n<p>&nbsp;<\/p>\n<p>&nbsp;<\/p>\n<\/td>\n<td style=\"text-align: justify;\">\u00a0<\/td>\n<\/tr>\n<tr>\n<td style=\"text-align: justify;\">\n<p>&nbsp;<\/p>\n<p>&nbsp;<\/p>\n<p>Alle Vertragsmodelle k\u00f6nnen bis zu einem Monat vor Ende der gew\u00e4hlten Laufzeit, schriftlich gek\u00fcndigt werden. Ma\u00dfgebend f\u00fcr die Rechtzeitigkeit der K\u00fcndigung ist der Zugang bei der Tanzschule. Offene Beitr\u00e4ge k\u00f6nnen auch nach der K\u00fcndigung eingezogen werden.<\/p>\n<p>&nbsp;<\/p>\n<p>&nbsp;<\/p>\n<\/td>\n<td style=\"text-align: justify;\">\u00a0<\/td>\n<\/tr>\n<tr>\n<td style=\"text-align: justify;\">\n<p>&nbsp;<\/p>\n<p>&nbsp;<\/p>\n<p>Bei von Ihnen zu vertretenden R\u00fccklastschriften, berechnen wir Ihnen die uns auferlegten Bankgeb\u00fchren (3 \u20ac) zuz\u00fcglich 5 \u20ac Bearbeitungsgeb\u00fchren. Bei Mahnungen entstehen Ihnen Kosten in der H\u00f6he von 5 \u20ac.<\/p>\n<p>&nbsp;<\/p>\n<p>&nbsp;<\/p>\n<\/td>\n<td style=\"text-align: justify;\">\u00a0<\/td>\n<\/tr>\n<tr>\n<td style=\"text-align: justify;\">\n<p>&nbsp;<\/p>\n<p>&nbsp;<\/p>\n<p>Personelle und terminliche \u00c4nderungen bleiben der Tanzschule vorbehalten und wirken sich nicht auf die Vertragsbedingungen aus.<\/p>\n<p>&nbsp;<\/p>\n<p>&nbsp;<\/p>\n<\/td>\n<td style=\"text-align: justify;\">\u00a0<\/td>\n<\/tr>\n<tr>\n<td colspan=\"2\" style=\"text-align: justify;\">\n<p><strong>Ravensburg im Januar 2021 \u00a0 \u00a0 \u00a0 \u00a0 \u00a0 \u00a0 \u00a0 \u00a0 \u00a0 \u00a0 \u00a0 \u00a0 \u00a0 \u00a0 \u00a0 \u00a0 \u00a0 \u00a0Die Gesch\u00e4ftsleitung<\/strong><\/p>\n<\/td>\n<\/tr>\n<\/tbody>\n<\/table>\n<p style=\"text-align: center;\"><strong>Quelle:<span>\u00a0<\/span><a href=\"http:\/\/www.e-recht24.de\/muster-disclaimer.htm\">Disclaimer<\/a><span>\u00a0<\/span>von S\u00f6ren Siebert &#8211;<span>\u00a0<\/span><a href=\"http:\/\/www.e-recht24.de\/\">Anwalt Internet<\/a><\/strong><\/p>\n<p>[\/et_pb_text][\/et_pb_column][\/et_pb_row][\/et_pb_section]<\/p>\n","protected":false},"excerpt":{"rendered":"<p>TANZSCHULE DANIEL GEIGER &nbsp; Daniel ZimmermannPfannenstiel 2188214 Ravensburg \u00a0 Fon: 0751 \/ 54050Mail: raphael.nagel@tanzschulen-geiger.de \u00a0 Steuernummer: 77495\/33362USt-ID: DE 297172628 &nbsp; Disclaimer: Haftung f\u00fcr Inhalte Die Inhalte unserer Seiten wurden mit gr\u00f6\u00dfter Sorgfalt erstellt. F\u00fcr die Richtigkeit, Vollst\u00e4ndigkeit und Aktualit\u00e4t der Inhalte k\u00f6nnen wir jedoch keine Gew\u00e4hr \u00fcbernehmen.\u00a0Als Diensteanbieter sind wir gem\u00e4\u00df \u00c2\u00a7 6 Abs.1 MDStV [&hellip;]<\/p>\n","protected":false},"author":1,"featured_media":0,"parent":0,"menu_order":0,"comment_status":"closed","ping_status":"closed","template":"","meta":{"_et_pb_use_builder":"on","_et_pb_old_content":"","_et_gb_content_width":""},"_links":{"self":[{"href":"https:\/\/rdc-danceacademy.de\/home\/wp-json\/wp\/v2\/pages\/182"}],"collection":[{"href":"https:\/\/rdc-danceacademy.de\/home\/wp-json\/wp\/v2\/pages"}],"about":[{"href":"https:\/\/rdc-danceacademy.de\/home\/wp-json\/wp\/v2\/types\/page"}],"author":[{"embeddable":true,"href":"https:\/\/rdc-danceacademy.de\/home\/wp-json\/wp\/v2\/users\/1"}],"replies":[{"embeddable":true,"href":"https:\/\/rdc-danceacademy.de\/home\/wp-json\/wp\/v2\/comments?post=182"}],"version-history":[{"count":5,"href":"https:\/\/rdc-danceacademy.de\/home\/wp-json\/wp\/v2\/pages\/182\/revisions"}],"predecessor-version":[{"id":534,"href":"https:\/\/rdc-danceacademy.de\/home\/wp-json\/wp\/v2\/pages\/182\/revisions\/534"}],"wp:attachment":[{"href":"https:\/\/rdc-danceacademy.de\/home\/wp-json\/wp\/v2\/media?parent=182"}],"curies":[{"name":"wp","href":"https:\/\/api.w.org\/{rel}","templated":true}]}}